{"id":3330,"date":"2023-07-03T10:51:33","date_gmt":"2023-07-03T08:51:33","guid":{"rendered":"https:\/\/www.macgleo.com\/blog\/?page_id=3330"},"modified":"2023-07-03T11:19:00","modified_gmt":"2023-07-03T09:19:00","slug":"mentions","status":"publish","type":"page","link":"https:\/\/www.macgleo.com\/blog\/mentions\/","title":{"rendered":"Mentions"},"content":{"rendered":"\n<p><strong>Informations l\u00e9gales<\/strong><\/p>\n\n\n\n<p>1 &#8211; Avertissement:<\/p>\n\n\n\n<p>Macgleo.com\/blog rassemble des informations autour du cidre issues des travaux de collectage et des d\u00e9gustations men\u00e9s par l\u2019auteur. Les quelques pages de dessins et contes additionnels sont des \u0153uvres de fictions o\u00f9 toute ressemblance avec des personnes, des noms propres, des lieux priv\u00e9s, des noms de firme et des situations existants ou ayant exist\u00e9, ne pourrait \u00eatre que le fait du hasard.<\/p>\n\n\n\n<p>2 &#8211; Responsable de la publication:<\/p>\n\n\n\n<p>Mark Gleonec &#8211; 15 pennk\u00ear Kroaz avalo\u00f9 &#8211; 29940 Forst Fouenant &#8211; Mail: <a href=\"mailto:contact@macgleo.com\">contact@macgleo.com<\/a><\/p>\n\n\n\n<p>3 &#8211; H\u00e9bergement:<\/p>\n\n\n\n<p>OVH &#8211; 2, rue Kellerman &#8211; BP80157 &#8211; 59053 Roubaix CEDEX1<\/p>\n\n\n\n<p>4 &#8211; Droits d&rsquo;auteur et copyright:<\/p>\n\n\n\n<p>L&rsquo;ensemble de ce site rel\u00e8ve de la l\u00e9gislation fran\u00e7aise et internationale sur le droit d&rsquo;auteur et la propri\u00e9t\u00e9 intellectuelle aux termes duquel toute reproduction totale ou partielle de la pr\u00e9sente publication faites par quelque proc\u00e9d\u00e9 que ce soit sans le consentement de l&rsquo;auteur ou de ses ayant droits ou ayant cause, est illicite et constitue une contrefa\u00e7on sanctionn\u00e9e par les articles L335-2 et suivants du code de la propri\u00e9t\u00e9 intellectuelle.<\/p>\n\n\n\n<p>Tous les droits de reproduction sont r\u00e9serv\u00e9s, y compris pour les documents iconographiques. La reproduction de tout ou partie de ce site sur un support \u00e9lectronique quel qu&rsquo;il soit, est formellement interdite, sauf autorisation expresse du responsable de la publication.<\/p>\n\n\n\n<p>En ca d&rsquo;autorisation \u00e0 utiliser des \u00e9l\u00e9ments de ce site, merci de mentionner Macgleo et cr\u00e9er un lien vers <a href=\"http:\/\/www.macgleo.com\">www.macgleo.com<\/a><\/p>\n\n\n\n<p>5 &#8211; Informatique et libert\u00e9:<\/p>\n\n\n\n<p>Le droit d&rsquo;acc\u00e8s, de modification, de rectification et de suppression des donn\u00e9es qui vous concernent <em>(article 34 de la loi 87-17 du 6 janvier 1978 relative \u00e0 l&rsquo;informatique, aux fichiers et aux libert\u00e9s)<\/em>, s&rsquo;exerce aupr\u00e8s du responsable de la publication.<\/p>\n","protected":false},"excerpt":{"rendered":"<p>Informations l\u00e9gales 1 &#8211; Avertissement: Macgleo.com\/blog rassemble des informations autour du cidre issues des travaux de collectage et des d\u00e9gustations men\u00e9s par l\u2019auteur. Les quelques pages de dessins et contes&hellip;&nbsp;<a href=\"https:\/\/www.macgleo.com\/blog\/mentions\/\" rel=\"bookmark\">Lire la suite &raquo;<span class=\"screen-reader-text\">Mentions<\/span><\/a><\/p>\n","protected":false},"author":1,"featured_media":0,"parent":0,"menu_order":0,"comment_status":"closed","ping_status":"closed","template":"","meta":{"neve_meta_sidebar":"","neve_meta_container":"","neve_meta_enable_content_width":"","neve_meta_content_width":0,"neve_meta_title_alignment":"","neve_meta_author_avatar":"","neve_post_elements_order":"","neve_meta_disable_header":"","neve_meta_disable_footer":"","neve_meta_disable_title":"","footnotes":""},"class_list":["post-3330","page","type-page","status-publish","hentry"],"_links":{"self":[{"href":"https:\/\/www.macgleo.com\/blog\/wp-json\/wp\/v2\/pages\/3330","targetHints":{"allow":["GET"]}}],"collection":[{"href":"https:\/\/www.macgleo.com\/blog\/wp-json\/wp\/v2\/pages"}],"about":[{"href":"https:\/\/www.macgleo.com\/blog\/wp-json\/wp\/v2\/types\/page"}],"author":[{"embeddable":true,"href":"https:\/\/www.macgleo.com\/blog\/wp-json\/wp\/v2\/users\/1"}],"replies":[{"embeddable":true,"href":"https:\/\/www.macgleo.com\/blog\/wp-json\/wp\/v2\/comments?post=3330"}],"version-history":[{"count":2,"href":"https:\/\/www.macgleo.com\/blog\/wp-json\/wp\/v2\/pages\/3330\/revisions"}],"predecessor-version":[{"id":3372,"href":"https:\/\/www.macgleo.com\/blog\/wp-json\/wp\/v2\/pages\/3330\/revisions\/3372"}],"wp:attachment":[{"href":"https:\/\/www.macgleo.com\/blog\/wp-json\/wp\/v2\/media?parent=3330"}],"curies":[{"name":"wp","href":"https:\/\/api.w.org\/{rel}","templated":true}]}}